{"id":1517,"date":"2025-03-07T17:19:51","date_gmt":"2025-03-07T16:19:51","guid":{"rendered":"http:\/\/fincamex.com\/?page_id=1517"},"modified":"2025-03-18T16:39:38","modified_gmt":"2025-03-18T23:39:38","slug":"contacto","status":"publish","type":"page","link":"https:\/\/fincamex.com\/en\/contacto\/","title":{"rendered":"We Reach Out"},"content":{"rendered":"\t\t<div data-elementor-type=\"wp-page\" data-elementor-id=\"1517\" class=\"elementor elementor-1517\">\r\n\t\t\t\t<div class=\"elementor-element elementor-element-13f70b7 e-con-full e-flex e-con e-parent\" data-id=\"13f70b7\" data-element_type=\"container\" data-settings=\"{&quot;background_background&quot;:&quot;slideshow&quot;,&quot;background_slideshow_gallery&quot;:[{&quot;id&quot;:580,&quot;url&quot;:&quot;http:\\\/\\\/fincamex.com\\\/wp-content\\\/uploads\\\/2025\\\/02\\\/02-Castellana-1.jpg&quot;},{&quot;id&quot;:582,&quot;url&quot;:&quot;http:\\\/\\\/fincamex.com\\\/wp-content\\\/uploads\\\/2025\\\/02\\\/03-Peninsula-1.jpg&quot;},{&quot;id&quot;:583,&quot;url&quot;:&quot;http:\\\/\\\/fincamex.com\\\/wp-content\\\/uploads\\\/2025\\\/02\\\/01-Gran-Via-1.jpg&quot;}],&quot;background_slideshow_ken_burns&quot;:&quot;yes&quot;,&quot;background_slideshow_loop&quot;:&quot;yes&quot;,&quot;background_slideshow_slide_duration&quot;:5000,&quot;background_slideshow_slide_transition&quot;:&quot;fade&quot;,&quot;background_slideshow_transition_duration&quot;:500,&quot;background_slideshow_ken_burns_zoom_direction&quot;:&quot;in&quot;}\">\r\n\t\t\t\t<div class=\"elementor-element elementor-element-b24e7d5 elementor-widget elementor-widget-spacer\" data-id=\"b24e7d5\" data-element_type=\"widget\" data-widget_type=\"spacer.default\">\r\n\t\t\t\t<div class=\"elementor-widget-container\">\r\n\t\t\t\t\t\t\t<div class=\"elementor-spacer\">\r\n\t\t\t<div class=\"elementor-spacer-inner\"><\/div>\r\n\t\t<\/div>\r\n\t\t\t\t\t\t<\/div>\r\n\t\t\t\t<\/div>\r\n\t\t\t\t<\/div>\r\n\t\t<div class=\"elementor-element elementor-element-f6ac13e e-flex e-con-boxed e-con e-parent\" data-id=\"f6ac13e\" data-element_type=\"container\" data-settings=\"{&quot;background_background&quot;:&quot;classic&quot;}\">\r\n\t\t\t\t\t<div class=\"e-con-inner\">\r\n\t\t\t\t<div class=\"elementor-element elementor-element-1b6b1aa2 elementor-widget elementor-widget-gva-heading-block\" data-id=\"1b6b1aa2\" data-element_type=\"widget\" data-widget_type=\"gva-heading-block.default\">\r\n\t\t\t\t<div class=\"elementor-widget-container\">\r\n\t\t\t\t\t<div class=\"gva-element-gva-heading-block gva-element\">\r\n   <div class=\"align-center style-1 widget gsc-heading box-align-left auto-responsive\">\r\n      \r\n      <div class=\"content-inner\">\r\n                  \r\n           \r\n         \r\n                     <h2 class=\"title\">\r\n               <span>Cont\u00e1ctanos para m\u00e1s informaci\u00f3n<\/span>\r\n            <\/h2>\r\n                  \r\n         \r\n               <\/div>\r\n\r\n   <\/div>\r\n\r\n<\/div>\t\t\t\t<\/div>\r\n\t\t\t\t<\/div>\r\n\t\t\t\t<div class=\"elementor-element elementor-element-1dc1b4ab elementor-widget elementor-widget-gva-heading-block\" data-id=\"1dc1b4ab\" data-element_type=\"widget\" data-widget_type=\"gva-heading-block.default\">\r\n\t\t\t\t<div class=\"elementor-widget-container\">\r\n\t\t\t\t\t<div class=\"gva-element-gva-heading-block gva-element\">\r\n   <div class=\"align-center style-1 widget gsc-heading box-align-left auto-responsive\">\r\n      \r\n      <div class=\"content-inner\">\r\n                  \r\n           \r\n         \r\n                     <h4 class=\"title\">\r\n               <span>Estamos listos para responder a todas tus dudas y ayudarte a encontrar tu hogar ideal.<\/span>\r\n            <\/h4>\r\n                  \r\n         \r\n               <\/div>\r\n\r\n   <\/div>\r\n\r\n<\/div>\t\t\t\t<\/div>\r\n\t\t\t\t<\/div>\r\n\t\t\t\t\t<\/div>\r\n\t\t\t\t<\/div>\r\n\t\t<div class=\"elementor-element elementor-element-da97080 contactodesarrollos  e-flex e-con-boxed e-con e-parent\" data-id=\"da97080\" data-element_type=\"container\" data-settings=\"{&quot;background_background&quot;:&quot;classic&quot;}\">\r\n\t\t\t\t\t<div class=\"e-con-inner\">\r\n\t\t<div class=\"elementor-element elementor-element-b0dfacb e-con-full e-flex e-con e-child\" data-id=\"b0dfacb\" data-element_type=\"container\">\r\n\t\t\t\t<div class=\"elementor-element elementor-element-398c54d elementor-widget elementor-widget-text-editor\" data-id=\"398c54d\" data-element_type=\"widget\" data-widget_type=\"text-editor.default\">\r\n\t\t\t\t<div class=\"elementor-widget-container\">\r\n\t\t\t\t\t\t\t\t\t<p>Hacienda del Seminario<br \/>Entre Mares<br \/>Pen\u00ednsula Sur<\/p>\t\t\t\t\t\t\t\t<\/div>\r\n\t\t\t\t<\/div>\r\n\t\t\t\t<div class=\"elementor-element elementor-element-e2a480b elementor-widget elementor-widget-text-editor\" data-id=\"e2a480b\" data-element_type=\"widget\" data-widget_type=\"text-editor.default\">\r\n\t\t\t\t<div class=\"elementor-widget-container\">\r\n\t\t\t\t\t\t\t\t\t<p><a href=\"https:\/\/wa.me\/526672280340\"><i class=\"fa-brands fa-whatsapp\"><\/i> <span style=\"color: #000000;\">+52 667 228 0340<\/span><\/a><\/p>\t\t\t\t\t\t\t\t<\/div>\r\n\t\t\t\t<\/div>\r\n\t\t\t\t<\/div>\r\n\t\t<div class=\"elementor-element elementor-element-53e6ba7 e-con-full e-flex e-con e-child\" data-id=\"53e6ba7\" data-element_type=\"container\">\r\n\t\t\t\t<div class=\"elementor-element elementor-element-721342d elementor-widget elementor-widget-text-editor\" data-id=\"721342d\" data-element_type=\"widget\" data-widget_type=\"text-editor.default\">\r\n\t\t\t\t<div class=\"elementor-widget-container\">\r\n\t\t\t\t\t\t\t\t\t<p>Valle Alto<br \/>Gran V\u00eda<br \/>Puerta Cibeles<\/p>\t\t\t\t\t\t\t\t<\/div>\r\n\t\t\t\t<\/div>\r\n\t\t\t\t<div class=\"elementor-element elementor-element-a6996e8 elementor-widget elementor-widget-text-editor\" data-id=\"a6996e8\" data-element_type=\"widget\" data-widget_type=\"text-editor.default\">\r\n\t\t\t\t<div class=\"elementor-widget-container\">\r\n\t\t\t\t\t\t\t\t\t<p><a href=\"https:\/\/wa.me\/52667397 0147\"><i class=\"fa-brands fa-whatsapp\"><\/i> <span style=\"color: #000000;\">+52 667 397 0147<\/span><\/a><\/p>\t\t\t\t\t\t\t\t<\/div>\r\n\t\t\t\t<\/div>\r\n\t\t\t\t<\/div>\r\n\t\t<div class=\"elementor-element elementor-element-d5765c6 e-con-full e-flex e-con e-child\" data-id=\"d5765c6\" data-element_type=\"container\">\r\n\t\t\t\t<div class=\"elementor-element elementor-element-f2aa551 elementor-widget elementor-widget-text-editor\" data-id=\"f2aa551\" data-element_type=\"widget\" data-widget_type=\"text-editor.default\">\r\n\t\t\t\t<div class=\"elementor-widget-container\">\r\n\t\t\t\t\t\t\t\t\t<p>Arieta<br \/>Novum<\/p>\t\t\t\t\t\t\t\t<\/div>\r\n\t\t\t\t<\/div>\r\n\t\t\t\t<div class=\"elementor-element elementor-element-d2a0039 elementor-widget elementor-widget-spacer\" data-id=\"d2a0039\" data-element_type=\"widget\" data-widget_type=\"spacer.default\">\r\n\t\t\t\t<div class=\"elementor-widget-container\">\r\n\t\t\t\t\t\t\t<div class=\"elementor-spacer\">\r\n\t\t\t<div class=\"elementor-spacer-inner\"><\/div>\r\n\t\t<\/div>\r\n\t\t\t\t\t\t<\/div>\r\n\t\t\t\t<\/div>\r\n\t\t\t\t<div class=\"elementor-element elementor-element-871ddb9 elementor-widget elementor-widget-text-editor\" data-id=\"871ddb9\" data-element_type=\"widget\" data-widget_type=\"text-editor.default\">\r\n\t\t\t\t<div class=\"elementor-widget-container\">\r\n\t\t\t\t\t\t\t\t\t<p><a href=\"https:\/\/wa.me\/52667397 0164\"><i class=\"fa-brands fa-whatsapp\"><\/i> <span style=\"color: #000000;\">+52 667 397 0164<\/span><\/a><\/p>\t\t\t\t\t\t\t\t<\/div>\r\n\t\t\t\t<\/div>\r\n\t\t\t\t<\/div>\r\n\t\t<div class=\"elementor-element elementor-element-dd68a6b e-con-full e-flex e-con e-child\" data-id=\"dd68a6b\" data-element_type=\"container\">\r\n\t\t\t\t<div class=\"elementor-element elementor-element-0f00b29 elementor-widget elementor-widget-text-editor\" data-id=\"0f00b29\" data-element_type=\"widget\" data-widget_type=\"text-editor.default\">\r\n\t\t\t\t<div class=\"elementor-widget-container\">\r\n\t\t\t\t\t\t\t\t\t<p>Vi\u00f1edos del Mar<br \/>Castellana<br \/>Tenerife<\/p>\t\t\t\t\t\t\t\t<\/div>\r\n\t\t\t\t<\/div>\r\n\t\t\t\t<div class=\"elementor-element elementor-element-0f92a55 elementor-widget elementor-widget-text-editor\" data-id=\"0f92a55\" data-element_type=\"widget\" data-widget_type=\"text-editor.default\">\r\n\t\t\t\t<div class=\"elementor-widget-container\">\r\n\t\t\t\t\t\t\t\t\t<p><a href=\"https:\/\/wa.me\/526461170699\"><i class=\"fa-brands fa-whatsapp\"><\/i> <span style=\"color: #000000;\">+52 646 117 0699<\/span><\/a><\/p>\t\t\t\t\t\t\t\t<\/div>\r\n\t\t\t\t<\/div>\r\n\t\t\t\t<\/div>\r\n\t\t\t\t\t<\/div>\r\n\t\t\t\t<\/div>\r\n\t\t<div class=\"elementor-element elementor-element-293132f e-flex e-con-boxed e-con e-parent\" data-id=\"293132f\" data-element_type=\"container\" data-settings=\"{&quot;background_background&quot;:&quot;classic&quot;}\">\r\n\t\t\t\t\t<div class=\"e-con-inner\">\r\n\t\t<div class=\"elementor-element elementor-element-981b247 e-con-full e-flex e-con e-child\" data-id=\"981b247\" data-element_type=\"container\">\r\n\t\t\t\t<div class=\"elementor-element elementor-element-be0e455 elementor-widget elementor-widget-gva-heading-block\" data-id=\"be0e455\" data-element_type=\"widget\" data-widget_type=\"gva-heading-block.default\">\r\n\t\t\t\t<div class=\"elementor-widget-container\">\r\n\t\t\t\t\t<div class=\"gva-element-gva-heading-block gva-element\">\r\n   <div class=\"align-left style-1 widget gsc-heading box-align-left auto-responsive\">\r\n      \r\n      <div class=\"content-inner\">\r\n                  \r\n           \r\n         \r\n                     <h2 class=\"title\">\r\n               <span>Cont\u00e1ctanos<\/span>\r\n            <\/h2>\r\n                  \r\n         \r\n               <\/div>\r\n\r\n   <\/div>\r\n\r\n<\/div>\t\t\t\t<\/div>\r\n\t\t\t\t<\/div>\r\n\t\t\t\t<div class=\"elementor-element elementor-element-71410f6 elementor-widget elementor-widget-gva_icon_box_group\" data-id=\"71410f6\" data-element_type=\"widget\" data-widget_type=\"gva_icon_box_group.default\">\r\n\t\t\t\t<div class=\"elementor-widget-container\">\r\n\t\t\t\t\t<div class=\"gva-element-gva_icon_box_group gva-element\">\r\n<div class=\"gsc-icon-box-group layout-grid\">\r\n\t<div class=\"lg-block-grid-1 md-block-grid-1 sm-block-grid-1 xs-block-grid-1 xx-block-grid-1\">\r\n\t\t<div class=\"item-columns\">\r\n<div class=\"icon-box-item elementor-repeater-item-fa0eacb\">\r\n\r\n\t\r\n\t\r\n\t\r\n\t<div class=\"iconbox-four__single\"><div class=\"iconbox-four__wrap\"><div class=\"iconbox-four__icon\"><i aria-hidden=\"true\" class=\"fas fa-phone-alt\"><\/i><\/div><div class=\"iconbox-four__content\"><h3 class=\"iconbox-four__title\"> Atenci\u00f3n al cliente<\/h3><div class=\"iconbox-four__desc\">800 013 62 69<\/div><\/div>\t\t  <a href=\"tel:8000136269\" class=\"iconbox-four__link-overlay\">\r\n\t\t\t \t\t  <\/a>\r\n\t\t  <\/div><\/div>\r\n\t\r\n<\/div><\/div><div class=\"item-columns\">\r\n<div class=\"icon-box-item elementor-repeater-item-0cbac8c\">\r\n\r\n\t\r\n\t\r\n\t\r\n\t<div class=\"iconbox-four__single\"><div class=\"iconbox-four__wrap\"><div class=\"iconbox-four__icon\"><i aria-hidden=\"true\" class=\"fas fa-envelope\"><\/i><\/div><div class=\"iconbox-four__content\"><h3 class=\"iconbox-four__title\"> E-mail<\/h3><div class=\"iconbox-four__desc\">digital@fincamex.com.mx<\/div><\/div>\t\t  <a href=\"mailto:digital@fincamex.com.mx\" class=\"iconbox-four__link-overlay\">\r\n\t\t\t \t\t  <\/a>\r\n\t\t  <\/div><\/div>\r\n\t\r\n<\/div><\/div><div class=\"item-columns\">\r\n<div class=\"icon-box-item elementor-repeater-item-8b65425\">\r\n\r\n\t\r\n\t\r\n\t\r\n\t<div class=\"iconbox-four__single\"><div class=\"iconbox-four__wrap\"><div class=\"iconbox-four__icon\"><i aria-hidden=\"true\" class=\"fas fa-map-marker\"><\/i><\/div><div class=\"iconbox-four__content\"><h3 class=\"iconbox-four__title\"> Ubicaci\u00f3n<\/h3><div class=\"iconbox-four__desc\">Alfonso G. Calder\u00f3n Velarde 2656, Congreso del Estado,<br>\nC.P. 80020 Culiac\u00e1n Rosales, Sin.<\/div><\/div><\/div><\/div>\r\n\t\r\n<\/div><\/div>\t<\/div>   \r\n<\/div>\r\n<\/div>\t\t\t\t<\/div>\r\n\t\t\t\t<\/div>\r\n\t\t\t\t<\/div>\r\n\t\t<div class=\"elementor-element elementor-element-03681d6 e-con-full e-flex e-con e-child\" data-id=\"03681d6\" data-element_type=\"container\">\r\n\t\t\t\t<div class=\"elementor-element elementor-element-dea5555 elementor-widget elementor-widget-gva-heading-block\" data-id=\"dea5555\" data-element_type=\"widget\" data-widget_type=\"gva-heading-block.default\">\r\n\t\t\t\t<div class=\"elementor-widget-container\">\r\n\t\t\t\t\t<div class=\"gva-element-gva-heading-block gva-element\">\r\n   <div class=\"align-left style-1 widget gsc-heading box-align-left auto-responsive\">\r\n      \r\n      <div class=\"content-inner\">\r\n                  \r\n           \r\n         \r\n                     <h2 class=\"title\">\r\n               <span>Escr\u00edbenos<\/span>\r\n            <\/h2>\r\n                  \r\n         \r\n               <\/div>\r\n\r\n   <\/div>\r\n\r\n<\/div>\t\t\t\t<\/div>\r\n\t\t\t\t<\/div>\r\n\t\t\t\t<div class=\"elementor-element elementor-element-338be5c elementor-widget elementor-widget-text-editor\" data-id=\"338be5c\" data-element_type=\"widget\" data-widget_type=\"text-editor.default\">\r\n\t\t\t\t<div class=\"elementor-widget-container\">\r\n\t\t\t\t\t\t\t\t\t<p>\n<div class=\"wpcf7 no-js\" id=\"wpcf7-f1564-o1\" lang=\"es-ES\" dir=\"ltr\" data-wpcf7-id=\"1564\">\n<div class=\"screen-reader-response\"><p role=\"status\" aria-live=\"polite\" aria-atomic=\"true\"><\/p> <ul><\/ul><\/div>\n<form action=\"\/en\/wp-json\/wp\/v2\/pages\/1517#wpcf7-f1564-o1\" method=\"post\" class=\"wpcf7-form init\" aria-label=\"Formulario de contacto\" novalidate=\"novalidate\" data-status=\"init\">\n<div style=\"display: none;\">\n<input type=\"hidden\" name=\"_wpcf7\" value=\"1564\" \/>\n<input type=\"hidden\" name=\"_wpcf7_version\" value=\"6.0.4\" \/>\n<input type=\"hidden\" name=\"_wpcf7_locale\" value=\"es_ES\" \/>\n<input type=\"hidden\" name=\"_wpcf7_unit_tag\" value=\"wpcf7-f1564-o1\" \/>\n<input type=\"hidden\" name=\"_wpcf7_container_post\" value=\"0\" \/>\n<input type=\"hidden\" name=\"_wpcf7_posted_data_hash\" value=\"\" \/>\n<input type=\"hidden\" name=\"_wpcf7_recaptcha_response\" value=\"\" \/>\n<\/div>\n<label><span class=\"wpcf7-form-control-wrap\" data-name=\"Nombre\"><input size=\"40\" maxlength=\"400\" class=\"wpcf7-form-control wpcf7-text wpcf7-validates-as-required\" aria-required=\"true\" aria-invalid=\"false\" placeholder=\"Nombre*\" value=\"\" type=\"text\" name=\"Nombre\" \/><\/span> <\/label>\n\n<label><span class=\"wpcf7-form-control-wrap\" data-name=\"Correo\"><input size=\"40\" maxlength=\"400\" class=\"wpcf7-form-control wpcf7-email wpcf7-validates-as-required wpcf7-text wpcf7-validates-as-email\" aria-required=\"true\" aria-invalid=\"false\" placeholder=\"E-mail*\" value=\"\" type=\"email\" name=\"Correo\" \/><\/span> <\/label>\n\n<label><span class=\"wpcf7-form-control-wrap\" data-name=\"Telefono\"><input size=\"40\" maxlength=\"400\" class=\"wpcf7-form-control wpcf7-tel wpcf7-validates-as-required wpcf7-text wpcf7-validates-as-tel\" aria-required=\"true\" aria-invalid=\"false\" placeholder=\"Celular*\" value=\"\" type=\"tel\" name=\"Telefono\" \/><\/span> <\/label>\n\n<label><span class=\"wpcf7-form-control-wrap\" data-name=\"your-message\"><textarea cols=\"40\" rows=\"10\" maxlength=\"2000\" class=\"wpcf7-form-control wpcf7-textarea\" aria-invalid=\"false\" placeholder=\"Mensaje\" name=\"your-message\"><\/textarea><\/span><\/label>\n\n<div><input class=\"wpcf7-form-control wpcf7-submit has-spinner\" type=\"submit\" value=\"Enviar\" \/><\/div><div class=\"wpcf7-response-output\" aria-hidden=\"true\"><\/div>\n<\/form>\n<\/div>\n<\/p>\t\t\t\t\t\t\t\t<\/div>\r\n\t\t\t\t<\/div>\r\n\t\t\t\t<\/div>\r\n\t\t\t\t\t<\/div>\r\n\t\t\t\t<\/div>\r\n\t\t<div class=\"elementor-element elementor-element-382debd e-con-full e-flex e-con e-parent\" data-id=\"382debd\" data-element_type=\"container\" data-settings=\"{&quot;background_background&quot;:&quot;classic&quot;}\">\r\n\t\t<div class=\"elementor-element elementor-element-a101502 e-con-full e-flex e-con e-child\" data-id=\"a101502\" data-element_type=\"container\">\r\n\t\t\t\t<div class=\"elementor-element elementor-element-46bb5c5 elementor-widget elementor-widget-text-editor\" data-id=\"46bb5c5\" data-element_type=\"widget\" data-widget_type=\"text-editor.default\">\r\n\t\t\t\t<div class=\"elementor-widget-container\">\r\n\t\t\t\t\t\t\t\t\t<iframe style=\"border: 0;\" src=\"https:\/\/www.google.com\/maps\/embed?pb=!1m14!1m8!1m3!1d3621.8851193966534!2d-107.43351!3d24.799387!3m2!1i1024!2i768!4f13.1!3m3!1m2!1s0x86bcd07d342e6303%3A0xd776030c59692ecc!2sCorporativo%20Fincamex!5e0!3m2!1ses!2smx!4v1741367044817!5m2!1ses!2smx\" width=\"600\" height=\"600\" allowfullscreen=\"allowfullscreen\"><span data-mce-type=\"bookmark\" style=\"display: inline-block; width: 0px; overflow: hidden; line-height: 0;\" class=\"mce_SELRES_start\">\ufeff<\/span><\/iframe>\t\t\t\t\t\t\t\t<\/div>\r\n\t\t\t\t<\/div>\r\n\t\t\t\t<\/div>\r\n\t\t<div class=\"elementor-element elementor-element-f4c038d e-con-full e-flex e-con e-child\" data-id=\"f4c038d\" data-element_type=\"container\" data-settings=\"{&quot;background_background&quot;:&quot;classic&quot;}\">\r\n\t\t\t\t<div class=\"elementor-element elementor-element-7c39694 elementor-widget elementor-widget-spacer\" data-id=\"7c39694\" data-element_type=\"widget\" data-widget_type=\"spacer.default\">\r\n\t\t\t\t<div class=\"elementor-widget-container\">\r\n\t\t\t\t\t\t\t<div class=\"elementor-spacer\">\r\n\t\t\t<div class=\"elementor-spacer-inner\"><\/div>\r\n\t\t<\/div>\r\n\t\t\t\t\t\t<\/div>\r\n\t\t\t\t<\/div>\r\n\t\t\t\t<\/div>\r\n\t\t\t\t<\/div>\r\n\t\t\t\t<\/div>\r\n\t\t","protected":false},"excerpt":{"rendered":"<p>Cont\u00e1ctanos para m\u00e1s informaci\u00f3n Estamos listos para responder a todas tus dudas y ayudarte a encontrar tu hogar ideal. Hacienda del SeminarioEntre MaresPen\u00ednsula Sur +52 667 228 0340 Valle AltoGran V\u00edaPuerta Cibeles +52 667 397 0147 ArietaNovum +52 667 397 0164 Vi\u00f1edos del MarCastellanaTenerife +52 646 117 0699 Cont\u00e1ctanos Atenci\u00f3n al cliente 800 013 62 [&hellip;]<\/p>\n","protected":false},"author":1,"featured_media":0,"parent":0,"menu_order":0,"comment_status":"closed","ping_status":"closed","template":"elementor_header_footer","meta":{"_acf_changed":false,"footnotes":""},"class_list":["post-1517","page","type-page","status-publish","hentry"],"acf":[],"yoast_head":"<!-- This site is optimized with the Yoast SEO plugin v26.8 - https:\/\/yoast.com\/product\/yoast-seo-wordpress\/ -->\n<title>Contacto - Fincamex<\/title>\n<meta name=\"robots\" content=\"index, follow, max-snippet:-1, max-image-preview:large, max-video-preview:-1\" \/>\n<link rel=\"canonical\" href=\"https:\/\/fincamex.com\/en\/contacto\/\" \/>\n<meta property=\"og:locale\" content=\"en_US\" \/>\n<meta property=\"og:type\" content=\"article\" \/>\n<meta property=\"og:title\" content=\"Contacto - Fincamex\" \/>\n<meta property=\"og:description\" content=\"Cont\u00e1ctanos para m\u00e1s informaci\u00f3n Estamos listos para responder a todas tus dudas y ayudarte a encontrar tu hogar ideal. Hacienda del SeminarioEntre MaresPen\u00ednsula Sur +52 667 228 0340 Valle AltoGran V\u00edaPuerta Cibeles +52 667 397 0147 ArietaNovum +52 667 397 0164 Vi\u00f1edos del MarCastellanaTenerife +52 646 117 0699 Cont\u00e1ctanos Atenci\u00f3n al cliente 800 013 62 [&hellip;]\" \/>\n<meta property=\"og:url\" content=\"https:\/\/fincamex.com\/en\/contacto\/\" \/>\n<meta property=\"og:site_name\" content=\"Fincamex\" \/>\n<meta property=\"article:publisher\" content=\"https:\/\/www.facebook.com\/fincamex\" \/>\n<meta property=\"article:modified_time\" content=\"2025-03-18T23:39:38+00:00\" \/>\n<meta name=\"twitter:card\" content=\"summary_large_image\" \/>\n<script type=\"application\/ld+json\" class=\"yoast-schema-graph\">{\"@context\":\"https:\/\/schema.org\",\"@graph\":[{\"@type\":\"WebPage\",\"@id\":\"https:\/\/fincamex.com\/contacto\/\",\"url\":\"https:\/\/fincamex.com\/contacto\/\",\"name\":\"Contacto - Fincamex\",\"isPartOf\":{\"@id\":\"https:\/\/fincamex.com\/#website\"},\"datePublished\":\"2025-03-07T16:19:51+00:00\",\"dateModified\":\"2025-03-18T23:39:38+00:00\",\"breadcrumb\":{\"@id\":\"https:\/\/fincamex.com\/contacto\/#breadcrumb\"},\"inLanguage\":\"en-US\",\"potentialAction\":[{\"@type\":\"ReadAction\",\"target\":[\"https:\/\/fincamex.com\/contacto\/\"]}]},{\"@type\":\"BreadcrumbList\",\"@id\":\"https:\/\/fincamex.com\/contacto\/#breadcrumb\",\"itemListElement\":[{\"@type\":\"ListItem\",\"position\":1,\"name\":\"Portada\",\"item\":\"https:\/\/fincamex.com\/\"},{\"@type\":\"ListItem\",\"position\":2,\"name\":\"Contacto\"}]},{\"@type\":\"WebSite\",\"@id\":\"https:\/\/fincamex.com\/#website\",\"url\":\"https:\/\/fincamex.com\/\",\"name\":\"Fincamex\",\"description\":\"Hogares Fuertes\",\"publisher\":{\"@id\":\"https:\/\/fincamex.com\/#organization\"},\"potentialAction\":[{\"@type\":\"SearchAction\",\"target\":{\"@type\":\"EntryPoint\",\"urlTemplate\":\"https:\/\/fincamex.com\/?s={search_term_string}\"},\"query-input\":{\"@type\":\"PropertyValueSpecification\",\"valueRequired\":true,\"valueName\":\"search_term_string\"}}],\"inLanguage\":\"en-US\"},{\"@type\":\"Organization\",\"@id\":\"https:\/\/fincamex.com\/#organization\",\"name\":\"Fincamex\",\"url\":\"https:\/\/fincamex.com\/\",\"logo\":{\"@type\":\"ImageObject\",\"inLanguage\":\"en-US\",\"@id\":\"https:\/\/fincamex.com\/#\/schema\/logo\/image\/\",\"url\":\"https:\/\/fincamex.com\/wp-content\/uploads\/2024\/11\/Logo-Fincamex-02-2.png\",\"contentUrl\":\"https:\/\/fincamex.com\/wp-content\/uploads\/2024\/11\/Logo-Fincamex-02-2.png\",\"width\":462,\"height\":100,\"caption\":\"Fincamex\"},\"image\":{\"@id\":\"https:\/\/fincamex.com\/#\/schema\/logo\/image\/\"},\"sameAs\":[\"https:\/\/www.facebook.com\/fincamex\",\"https:\/\/www.instagram.com\/fincamexmx\/\",\"https:\/\/www.tiktok.com\/@fincamexmx\"]}]}<\/script>\n<!-- \/ Yoast SEO plugin. -->","yoast_head_json":{"title":"Contacto - Fincamex","robots":{"index":"index","follow":"follow","max-snippet":"max-snippet:-1","max-image-preview":"max-image-preview:large","max-video-preview":"max-video-preview:-1"},"canonical":"https:\/\/fincamex.com\/en\/contacto\/","og_locale":"en_US","og_type":"article","og_title":"Contacto - Fincamex","og_description":"Cont\u00e1ctanos para m\u00e1s informaci\u00f3n Estamos listos para responder a todas tus dudas y ayudarte a encontrar tu hogar ideal. Hacienda del SeminarioEntre MaresPen\u00ednsula Sur +52 667 228 0340 Valle AltoGran V\u00edaPuerta Cibeles +52 667 397 0147 ArietaNovum +52 667 397 0164 Vi\u00f1edos del MarCastellanaTenerife +52 646 117 0699 Cont\u00e1ctanos Atenci\u00f3n al cliente 800 013 62 [&hellip;]","og_url":"https:\/\/fincamex.com\/en\/contacto\/","og_site_name":"Fincamex","article_publisher":"https:\/\/www.facebook.com\/fincamex","article_modified_time":"2025-03-18T23:39:38+00:00","twitter_card":"summary_large_image","schema":{"@context":"https:\/\/schema.org","@graph":[{"@type":"WebPage","@id":"https:\/\/fincamex.com\/contacto\/","url":"https:\/\/fincamex.com\/contacto\/","name":"Contacto - Fincamex","isPartOf":{"@id":"https:\/\/fincamex.com\/#website"},"datePublished":"2025-03-07T16:19:51+00:00","dateModified":"2025-03-18T23:39:38+00:00","breadcrumb":{"@id":"https:\/\/fincamex.com\/contacto\/#breadcrumb"},"inLanguage":"en-US","potentialAction":[{"@type":"ReadAction","target":["https:\/\/fincamex.com\/contacto\/"]}]},{"@type":"BreadcrumbList","@id":"https:\/\/fincamex.com\/contacto\/#breadcrumb","itemListElement":[{"@type":"ListItem","position":1,"name":"Portada","item":"https:\/\/fincamex.com\/"},{"@type":"ListItem","position":2,"name":"Contacto"}]},{"@type":"WebSite","@id":"https:\/\/fincamex.com\/#website","url":"https:\/\/fincamex.com\/","name":"Fincamex","description":"Hogares Fuertes","publisher":{"@id":"https:\/\/fincamex.com\/#organization"},"potentialAction":[{"@type":"SearchAction","target":{"@type":"EntryPoint","urlTemplate":"https:\/\/fincamex.com\/?s={search_term_string}"},"query-input":{"@type":"PropertyValueSpecification","valueRequired":true,"valueName":"search_term_string"}}],"inLanguage":"en-US"},{"@type":"Organization","@id":"https:\/\/fincamex.com\/#organization","name":"Fincamex","url":"https:\/\/fincamex.com\/","logo":{"@type":"ImageObject","inLanguage":"en-US","@id":"https:\/\/fincamex.com\/#\/schema\/logo\/image\/","url":"https:\/\/fincamex.com\/wp-content\/uploads\/2024\/11\/Logo-Fincamex-02-2.png","contentUrl":"https:\/\/fincamex.com\/wp-content\/uploads\/2024\/11\/Logo-Fincamex-02-2.png","width":462,"height":100,"caption":"Fincamex"},"image":{"@id":"https:\/\/fincamex.com\/#\/schema\/logo\/image\/"},"sameAs":["https:\/\/www.facebook.com\/fincamex","https:\/\/www.instagram.com\/fincamexmx\/","https:\/\/www.tiktok.com\/@fincamexmx"]}]}},"_links":{"self":[{"href":"https:\/\/fincamex.com\/en\/wp-json\/wp\/v2\/pages\/1517","targetHints":{"allow":["GET"]}}],"collection":[{"href":"https:\/\/fincamex.com\/en\/wp-json\/wp\/v2\/pages"}],"about":[{"href":"https:\/\/fincamex.com\/en\/wp-json\/wp\/v2\/types\/page"}],"author":[{"embeddable":true,"href":"https:\/\/fincamex.com\/en\/wp-json\/wp\/v2\/users\/1"}],"replies":[{"embeddable":true,"href":"https:\/\/fincamex.com\/en\/wp-json\/wp\/v2\/comments?post=1517"}],"version-history":[{"count":0,"href":"https:\/\/fincamex.com\/en\/wp-json\/wp\/v2\/pages\/1517\/revisions"}],"wp:attachment":[{"href":"https:\/\/fincamex.com\/en\/wp-json\/wp\/v2\/media?parent=1517"}],"curies":[{"name":"wp","href":"https:\/\/api.w.org\/{rel}","templated":true}]}}